{"id":49,"date":"2026-03-19T10:03:46","date_gmt":"2026-03-19T09:03:46","guid":{"rendered":"https:\/\/kultursommer-mehringplatz.de\/?page_id=49"},"modified":"2026-04-10T10:31:54","modified_gmt":"2026-04-10T08:31:54","slug":"das-kulturprogramm","status":"publish","type":"page","link":"https:\/\/kultursommer-mehringplatz.de\/?page_id=49","title":{"rendered":"Das Kulturprogramm"},"content":{"rendered":"\n<p class=\"has-text-align-left\">\u2026 findet nachmittags und abends statt. Auf der Freilichtb\u00fchne mit Sitz- und Stehpl\u00e4tzen, an den Marktst\u00e4nden, in Gastronomie und B\u00fcrofl\u00e4chen.<\/p>\n\n\n\n<ul class=\"wp-block-list\">\n<li><strong>Nachmittags (15:00-17:00 Uhr):<\/strong><br>Familien-, Kinder- und Jugendangebote<\/li>\n\n\n\n<li><strong>Abends (17:30-20:00): Kulturprogramm<\/strong><br>(Musik, Tanz, Theater, Kino, Literatur)<\/li>\n<\/ul>\n\n\n\n<p>F\u00fcr aktuelle Informationen zum Programm schaut gerne auf unserer Instagram-Seite vorbei:&nbsp;<mark style=\"background-color:rgba(0, 0, 0, 0)\" class=\"has-inline-color has-contrast-color\"><strong>@kultursommer.mehringplatz<\/strong><\/mark><strong><mark style=\"background-color:rgba(0, 0, 0, 0)\" class=\"has-inline-color has-contrast-color\">.<\/mark><\/strong><\/p>\n\n\n<script>\n  if (typeof hasAmeliaEvent === 'undefined') {\n    var hasAmeliaEvent = true;\n  }\n  if (typeof hasEventApiCall === 'undefined' && ('' === '' && '' !== '1')) {\n    var hasEventApiCall = true;\n  }\n  var hasEventShortcode = (typeof hasEventShortcode === 'undefined') ? false : true;\n  var ameliaShortcodeData = (typeof ameliaShortcodeData === 'undefined') ? [] : ameliaShortcodeData;\n  ameliaShortcodeData.push(\n    {\n      'hasApiCall': (typeof hasEventApiCall !== 'undefined') && hasEventApiCall,\n      'trigger': '',\n      'trigger_type': '',\n      'triggered_form': 'elf',\n      'in_dialog': '',\n      'counter': '1000',\n      'employee': '',\n      'eventId': '',\n      'eventRecurring': 0,\n      'eventTag': \"\",\n      'locationId': \"\",\n      'range': \"\"\n    }\n  );\n  var ameliaShortcodeDataTriggered = (typeof ameliaShortcodeDataTriggered === 'undefined') ? [] : ameliaShortcodeDataTriggered;\n  if (ameliaShortcodeData[ameliaShortcodeData.length - 1].trigger !== '') {\n    if (ameliaShortcodeDataTriggered.filter(a => a.counter === ameliaShortcodeData[ameliaShortcodeData.length - 1].counter).length === 0) {\n      ameliaShortcodeDataTriggered.push(ameliaShortcodeData.pop());\n    } else {\n      ameliaShortcodeData.pop()\n    }\n  }\n  if (typeof hasEventApiCall !== 'undefined' && hasEventApiCall) {\n    hasEventApiCall = false;\n  }\n<\/script>\n\n<div\n  id=\"amelia-v2-booking-1000\"\n  class=\"amelia-v2-booking\"\n>\n    <events-list-form-wrapper><\/div>\n\n\n\n<p><\/p>\n","protected":false},"excerpt":{"rendered":"<p>\u2026 findet nachmittags und abends statt. Auf der Freilichtb\u00fchne mit Sitz- und Stehpl\u00e4tzen, an den Marktst\u00e4nden, in Gastronomie und B\u00fcrofl\u00e4chen. F\u00fcr aktuelle Informationen zum Programm schaut gerne auf unserer Instagram-Seite vorbei:&nbsp;@kultursommer.mehringplatz.<\/p>\n","protected":false},"author":1,"featured_media":0,"parent":0,"menu_order":0,"comment_status":"closed","ping_status":"closed","template":"","meta":{"footnotes":""},"class_list":["post-49","page","type-page","status-publish","hentry"],"_links":{"self":[{"href":"https:\/\/kultursommer-mehringplatz.de\/index.php?rest_route=\/wp\/v2\/pages\/49","targetHints":{"allow":["GET"]}}],"collection":[{"href":"https:\/\/kultursommer-mehringplatz.de\/index.php?rest_route=\/wp\/v2\/pages"}],"about":[{"href":"https:\/\/kultursommer-mehringplatz.de\/index.php?rest_route=\/wp\/v2\/types\/page"}],"author":[{"embeddable":true,"href":"https:\/\/kultursommer-mehringplatz.de\/index.php?rest_route=\/wp\/v2\/users\/1"}],"replies":[{"embeddable":true,"href":"https:\/\/kultursommer-mehringplatz.de\/index.php?rest_route=%2Fwp%2Fv2%2Fcomments&post=49"}],"version-history":[{"count":10,"href":"https:\/\/kultursommer-mehringplatz.de\/index.php?rest_route=\/wp\/v2\/pages\/49\/revisions"}],"predecessor-version":[{"id":698,"href":"https:\/\/kultursommer-mehringplatz.de\/index.php?rest_route=\/wp\/v2\/pages\/49\/revisions\/698"}],"wp:attachment":[{"href":"https:\/\/kultursommer-mehringplatz.de\/index.php?rest_route=%2Fwp%2Fv2%2Fmedia&parent=49"}],"curies":[{"name":"wp","href":"https:\/\/api.w.org\/{rel}","templated":true}]}}