{"id":480,"date":"2026-03-31T19:06:14","date_gmt":"2026-03-31T17:06:14","guid":{"rendered":"https:\/\/kultursommer-mehringplatz.de\/?page_id=480"},"modified":"2026-04-03T14:26:16","modified_gmt":"2026-04-03T12:26:16","slug":"fish-chips","status":"publish","type":"page","link":"https:\/\/kultursommer-mehringplatz.de\/?page_id=480","title":{"rendered":"Fish &#038; Chips"},"content":{"rendered":"\n<div class=\"wp-block-group alignfull has-global-padding is-layout-constrained wp-block-group-is-layout-constrained\" style=\"margin-top:0;margin-bottom:0;padding-top:var(--wp--preset--spacing--50);padding-bottom:var(--wp--preset--spacing--50)\">\n<div class=\"wp-block-columns alignwide is-layout-flex wp-container-core-columns-is-layout-47c06fe3 wp-block-columns-is-layout-flex\">\n<div class=\"wp-block-column is-layout-flow wp-block-column-is-layout-flow\" style=\"flex-basis:56%\">\n<figure class=\"wp-block-image size-full\"><img loading=\"lazy\" decoding=\"async\" width=\"960\" height=\"720\" src=\"https:\/\/kultursommer-mehringplatz.de\/wp-content\/uploads\/2026\/03\/image-30-03-26-01-28.jpeg\" alt=\"\" class=\"wp-image-355\" style=\"aspect-ratio:1;object-fit:cover\" srcset=\"https:\/\/kultursommer-mehringplatz.de\/wp-content\/uploads\/2026\/03\/image-30-03-26-01-28.jpeg 960w, https:\/\/kultursommer-mehringplatz.de\/wp-content\/uploads\/2026\/03\/image-30-03-26-01-28-300x225.jpeg 300w, https:\/\/kultursommer-mehringplatz.de\/wp-content\/uploads\/2026\/03\/image-30-03-26-01-28-768x576.jpeg 768w\" sizes=\"auto, (max-width: 960px) 100vw, 960px\" \/><\/figure>\n<\/div>\n\n\n\n<div class=\"wp-block-column is-vertically-aligned-center is-layout-flow wp-container-core-column-is-layout-119bc444 wp-block-column-is-layout-flow\">\n<h2 class=\"wp-block-heading\">Fish &amp; Chips<\/h2>\n\n\n\n<p>Fish Van Holland steht f\u00fcr authentisches holl\u00e4ndisches Street Food und h\u00f6chste Qualit\u00e4t auf Events. Unser Fokus liegt auf Stra\u00dfen- und Stadtfesten, Wochenm\u00e4rkten sowie privaten und gesch\u00e4ftlichen Veranstaltungen.<\/p>\n\n\n\n<p>Mit unserem Foodtruck sind wir regelm\u00e4\u00dfig auf \u00f6ffentlichen Events im Einsatz und wissen genau, worauf es ankommt: schnelle Abl\u00e4ufe, gleichbleibende Qualit\u00e4t und zufriedene G\u00e4ste.<\/p>\n\n\n\n<p>Wir servieren frisches Kibbeling und klassische Fish &amp; Chips \u2013 jedes St\u00fcck Fisch wird von Hand paniert, jede Portion Pommes frisch zubereitet. Unsere Arbeitsweise ist eingespielt und auch bei hohem Besucheraufkommen effizient und zuverl\u00e4ssig.<\/p>\n\n\n\n<p>Sauberkeit, Zuverl\u00e4ssigkeit und eine professionelle Umsetzung stehen bei uns an erster Stelle. Neben \u00f6ffentlichen Veranstaltungen stehen wir auch f\u00fcr Wochenm\u00e4rkte, private Feiern und Firmenevents zur Verf\u00fcgung.<\/p>\n\n\n\n<p>Fish Van Holland ist ein verl\u00e4sslicher Partner f\u00fcr Veranstalter, St\u00e4dte und private Auftraggeber.<\/p>\n\n\n\n<p>Kontaktieren Sie uns \u2013 wir freuen uns auf eine erfolgreiche Zusammenarbeit.<\/p>\n\n\n\n<p>\ud83d\udcde 017680826083<\/p>\n\n\n\n<p>\ud83d\udce7 <a href=\"mailto:info@fishvanholland.de\">info@fishvanholland.de<\/a><\/p>\n\n\n\n<p>\ud83c\udf10 <a href=\"https:\/\/fishvanholland.de\/\">https:\/\/fishvanholland.de\/<\/a><\/p>\n<\/div>\n<\/div>\n<\/div>\n\n\n\n<div class=\"wp-block-group alignfull has-global-padding is-layout-constrained wp-block-group-is-layout-constrained\" style=\"margin-top:0;margin-bottom:0;padding-top:var(--wp--preset--spacing--50);padding-bottom:var(--wp--preset--spacing--50)\">\n<figure class=\"wp-block-gallery has-nested-images columns-default is-cropped wp-block-gallery-1 is-layout-flex wp-block-gallery-is-layout-flex\">\n<figure class=\"wp-block-image size-large\"><img loading=\"lazy\" decoding=\"async\" width=\"960\" height=\"720\" data-id=\"533\" src=\"https:\/\/kultursommer-mehringplatz.de\/wp-content\/uploads\/2026\/04\/image-30-03-26-01-28.jpeg\" alt=\"\" class=\"wp-image-533\" srcset=\"https:\/\/kultursommer-mehringplatz.de\/wp-content\/uploads\/2026\/04\/image-30-03-26-01-28.jpeg 960w, https:\/\/kultursommer-mehringplatz.de\/wp-content\/uploads\/2026\/04\/image-30-03-26-01-28-300x225.jpeg 300w, https:\/\/kultursommer-mehringplatz.de\/wp-content\/uploads\/2026\/04\/image-30-03-26-01-28-768x576.jpeg 768w\" sizes=\"auto, (max-width: 960px) 100vw, 960px\" \/><\/figure>\n\n\n\n<figure class=\"wp-block-image size-large\"><img loading=\"lazy\" decoding=\"async\" width=\"960\" height=\"720\" data-id=\"534\" src=\"https:\/\/kultursommer-mehringplatz.de\/wp-content\/uploads\/2026\/04\/image-30-03-26-01-28-1.jpeg\" alt=\"\" class=\"wp-image-534\" srcset=\"https:\/\/kultursommer-mehringplatz.de\/wp-content\/uploads\/2026\/04\/image-30-03-26-01-28-1.jpeg 960w, https:\/\/kultursommer-mehringplatz.de\/wp-content\/uploads\/2026\/04\/image-30-03-26-01-28-1-300x225.jpeg 300w, https:\/\/kultursommer-mehringplatz.de\/wp-content\/uploads\/2026\/04\/image-30-03-26-01-28-1-768x576.jpeg 768w\" sizes=\"auto, (max-width: 960px) 100vw, 960px\" \/><\/figure>\n\n\n\n<figure class=\"wp-block-image size-large\"><img loading=\"lazy\" decoding=\"async\" width=\"1024\" height=\"683\" data-id=\"538\" src=\"https:\/\/kultursommer-mehringplatz.de\/wp-content\/uploads\/2026\/04\/hero-half-3@2x-1024x683.jpg\" alt=\"\" class=\"wp-image-538\" srcset=\"https:\/\/kultursommer-mehringplatz.de\/wp-content\/uploads\/2026\/04\/hero-half-3@2x-1024x683.jpg 1024w, https:\/\/kultursommer-mehringplatz.de\/wp-content\/uploads\/2026\/04\/hero-half-3@2x-300x200.jpg 300w, https:\/\/kultursommer-mehringplatz.de\/wp-content\/uploads\/2026\/04\/hero-half-3@2x-768x512.jpg 768w, https:\/\/kultursommer-mehringplatz.de\/wp-content\/uploads\/2026\/04\/hero-half-3@2x-1536x1024.jpg 1536w, https:\/\/kultursommer-mehringplatz.de\/wp-content\/uploads\/2026\/04\/hero-half-3@2x-2048x1366.jpg 2048w\" sizes=\"auto, (max-width: 1024px) 100vw, 1024px\" \/><\/figure>\n\n\n\n<figure class=\"wp-block-image size-large\"><img loading=\"lazy\" decoding=\"async\" width=\"1024\" height=\"685\" data-id=\"536\" src=\"https:\/\/kultursommer-mehringplatz.de\/wp-content\/uploads\/2026\/04\/hero-half-2@2x-1024x685.jpg\" alt=\"\" class=\"wp-image-536\" srcset=\"https:\/\/kultursommer-mehringplatz.de\/wp-content\/uploads\/2026\/04\/hero-half-2@2x-1024x685.jpg 1024w, https:\/\/kultursommer-mehringplatz.de\/wp-content\/uploads\/2026\/04\/hero-half-2@2x-300x201.jpg 300w, https:\/\/kultursommer-mehringplatz.de\/wp-content\/uploads\/2026\/04\/hero-half-2@2x-768x514.jpg 768w, https:\/\/kultursommer-mehringplatz.de\/wp-content\/uploads\/2026\/04\/hero-half-2@2x-1536x1027.jpg 1536w, https:\/\/kultursommer-mehringplatz.de\/wp-content\/uploads\/2026\/04\/hero-half-2@2x.jpg 1694w\" sizes=\"auto, (max-width: 1024px) 100vw, 1024px\" \/><\/figure>\n\n\n\n<figure class=\"wp-block-image size-large\"><img loading=\"lazy\" decoding=\"async\" width=\"1024\" height=\"683\" data-id=\"539\" src=\"https:\/\/kultursommer-mehringplatz.de\/wp-content\/uploads\/2026\/04\/hero-half-7@2x-1024x683.jpg\" alt=\"\" class=\"wp-image-539\" srcset=\"https:\/\/kultursommer-mehringplatz.de\/wp-content\/uploads\/2026\/04\/hero-half-7@2x-1024x683.jpg 1024w, https:\/\/kultursommer-mehringplatz.de\/wp-content\/uploads\/2026\/04\/hero-half-7@2x-300x200.jpg 300w, https:\/\/kultursommer-mehringplatz.de\/wp-content\/uploads\/2026\/04\/hero-half-7@2x-768x512.jpg 768w, https:\/\/kultursommer-mehringplatz.de\/wp-content\/uploads\/2026\/04\/hero-half-7@2x-1536x1024.jpg 1536w, https:\/\/kultursommer-mehringplatz.de\/wp-content\/uploads\/2026\/04\/hero-half-7@2x-2048x1366.jpg 2048w\" sizes=\"auto, (max-width: 1024px) 100vw, 1024px\" \/><\/figure>\n\n\n\n<figure class=\"wp-block-image size-large\"><img loading=\"lazy\" decoding=\"async\" width=\"1024\" height=\"684\" data-id=\"537\" src=\"https:\/\/kultursommer-mehringplatz.de\/wp-content\/uploads\/2026\/04\/hero-half-6@2x-1024x684.jpg\" alt=\"\" class=\"wp-image-537\" srcset=\"https:\/\/kultursommer-mehringplatz.de\/wp-content\/uploads\/2026\/04\/hero-half-6@2x-1024x684.jpg 1024w, https:\/\/kultursommer-mehringplatz.de\/wp-content\/uploads\/2026\/04\/hero-half-6@2x-300x200.jpg 300w, https:\/\/kultursommer-mehringplatz.de\/wp-content\/uploads\/2026\/04\/hero-half-6@2x-768x513.jpg 768w, https:\/\/kultursommer-mehringplatz.de\/wp-content\/uploads\/2026\/04\/hero-half-6@2x-1536x1025.jpg 1536w, https:\/\/kultursommer-mehringplatz.de\/wp-content\/uploads\/2026\/04\/hero-half-6@2x-2048x1367.jpg 2048w\" sizes=\"auto, (max-width: 1024px) 100vw, 1024px\" \/><\/figure>\n<\/figure>\n<\/div>\n\n\n\n<div class=\"wp-block-group alignfull has-global-padding is-layout-constrained wp-block-group-is-layout-constrained\" style=\"margin-top:0;margin-bottom:0;padding-top:var(--wp--preset--spacing--50);padding-bottom:var(--wp--preset--spacing--50)\"><\/div>\n","protected":false},"excerpt":{"rendered":"<p>Fish &amp; Chips Fish Van Holland steht f\u00fcr authentisches holl\u00e4ndisches Street Food und h\u00f6chste Qualit\u00e4t auf Events. Unser Fokus liegt auf Stra\u00dfen- und Stadtfesten, Wochenm\u00e4rkten sowie privaten und gesch\u00e4ftlichen Veranstaltungen. Mit unserem Foodtruck sind wir regelm\u00e4\u00dfig auf \u00f6ffentlichen Events im Einsatz und wissen genau, worauf es ankommt: schnelle Abl\u00e4ufe, gleichbleibende Qualit\u00e4t und zufriedene G\u00e4ste. Wir [&hellip;]<\/p>\n","protected":false},"author":1,"featured_media":0,"parent":150,"menu_order":0,"comment_status":"closed","ping_status":"closed","template":"","meta":{"footnotes":""},"class_list":["post-480","page","type-page","status-publish","hentry"],"_links":{"self":[{"href":"https:\/\/kultursommer-mehringplatz.de\/index.php?rest_route=\/wp\/v2\/pages\/480","targetHints":{"allow":["GET"]}}],"collection":[{"href":"https:\/\/kultursommer-mehringplatz.de\/index.php?rest_route=\/wp\/v2\/pages"}],"about":[{"href":"https:\/\/kultursommer-mehringplatz.de\/index.php?rest_route=\/wp\/v2\/types\/page"}],"author":[{"embeddable":true,"href":"https:\/\/kultursommer-mehringplatz.de\/index.php?rest_route=\/wp\/v2\/users\/1"}],"replies":[{"embeddable":true,"href":"https:\/\/kultursommer-mehringplatz.de\/index.php?rest_route=%2Fwp%2Fv2%2Fcomments&post=480"}],"version-history":[{"count":4,"href":"https:\/\/kultursommer-mehringplatz.de\/index.php?rest_route=\/wp\/v2\/pages\/480\/revisions"}],"predecessor-version":[{"id":540,"href":"https:\/\/kultursommer-mehringplatz.de\/index.php?rest_route=\/wp\/v2\/pages\/480\/revisions\/540"}],"up":[{"embeddable":true,"href":"https:\/\/kultursommer-mehringplatz.de\/index.php?rest_route=\/wp\/v2\/pages\/150"}],"wp:attachment":[{"href":"https:\/\/kultursommer-mehringplatz.de\/index.php?rest_route=%2Fwp%2Fv2%2Fmedia&parent=480"}],"curies":[{"name":"wp","href":"https:\/\/api.w.org\/{rel}","templated":true}]}}