{"id":471,"date":"2026-03-31T18:50:10","date_gmt":"2026-03-31T16:50:10","guid":{"rendered":"https:\/\/kultursommer-mehringplatz.de\/?page_id=471"},"modified":"2026-04-03T14:05:02","modified_gmt":"2026-04-03T12:05:02","slug":"471-2","status":"publish","type":"page","link":"https:\/\/kultursommer-mehringplatz.de\/?page_id=471","title":{"rendered":"K\u00e4sekugel"},"content":{"rendered":"\n<div class=\"wp-block-group alignfull has-global-padding is-layout-constrained wp-block-group-is-layout-constrained\" style=\"margin-top:0;margin-bottom:0;padding-top:var(--wp--preset--spacing--50);padding-bottom:var(--wp--preset--spacing--50)\">\n<div class=\"wp-block-columns alignwide is-layout-flex wp-container-core-columns-is-layout-47c06fe3 wp-block-columns-is-layout-flex\">\n<div class=\"wp-block-column is-layout-flow wp-block-column-is-layout-flow\" style=\"flex-basis:56%\">\n<figure class=\"wp-block-image size-full\"><img loading=\"lazy\" decoding=\"async\" width=\"1748\" height=\"2560\" src=\"https:\/\/kultursommer-mehringplatz.de\/wp-content\/uploads\/2026\/03\/Kaesekugel-scaled.jpg\" alt=\"\" class=\"wp-image-468\" style=\"aspect-ratio:1;object-fit:cover\" srcset=\"https:\/\/kultursommer-mehringplatz.de\/wp-content\/uploads\/2026\/03\/Kaesekugel-scaled.jpg 1748w, https:\/\/kultursommer-mehringplatz.de\/wp-content\/uploads\/2026\/03\/Kaesekugel-205x300.jpg 205w, https:\/\/kultursommer-mehringplatz.de\/wp-content\/uploads\/2026\/03\/Kaesekugel-699x1024.jpg 699w, https:\/\/kultursommer-mehringplatz.de\/wp-content\/uploads\/2026\/03\/Kaesekugel-768x1124.jpg 768w, https:\/\/kultursommer-mehringplatz.de\/wp-content\/uploads\/2026\/03\/Kaesekugel-1049x1536.jpg 1049w, https:\/\/kultursommer-mehringplatz.de\/wp-content\/uploads\/2026\/03\/Kaesekugel-1399x2048.jpg 1399w\" sizes=\"auto, (max-width: 1748px) 100vw, 1748px\" \/><\/figure>\n<\/div>\n\n\n\n<div class=\"wp-block-column is-vertically-aligned-center is-layout-flow wp-container-core-column-is-layout-119bc444 wp-block-column-is-layout-flow\">\n<h2 class=\"wp-block-heading\">K\u00e4sekugel . P\u00e3o de queijo<\/h2>\n\n\n\n<p>Tapiokamehl ist ein Mehl, das aus der Maniokwurzel gewonnen wird, einer tropischen Pflanze aus S\u00fcdamerika, Asien und Afrika Diese k\u00f6stliche Wurzel, ist sehr einfach zuzubereiten wie die Kartoffel. Da es von Natur aus glutenfrei ist, ist Tapiokamehl eine ideale Zutat f\u00fcr glutenfreie Backwaren wie unsere K\u00e4sekugel (\u201eP\u00e3o de Queijo\u201c).<br>Durch seine spezielle Textur verleiht das Tapiokamehl dem Geb\u00e4ck eine besondere Leichtigkeit und Elastizit\u00e4t, die f\u00fcr das brasilianische K\u00e4segeb\u00e4ck charakteristisch ist.<\/p>\n\n\n\n<p>Die brasilianische Tradition in Ihrem Zuhause \ud83d\ude0a<br>Eingefroren kaufen selber backen &#8211; frisch genie\u00dfen.<br>Glutenfrei!<\/p>\n\n\n\n<p>K\u00e4sekugel Einzelunternehmer<\/p>\n\n\n\n<p>@ Caf\u00e9 MadaMe<br>Mehringplatz 10<br>10969 Berlin<br>Tel.: +49 17634101769<\/p>\n\n\n\n<p><\/p>\n\n\n\n<div class=\"wp-block-buttons is-layout-flex wp-block-buttons-is-layout-flex\"><\/div>\n<\/div>\n<\/div>\n<\/div>\n\n\n\n<div class=\"wp-block-group alignfull has-global-padding is-layout-constrained wp-block-group-is-layout-constrained\" style=\"margin-top:0;margin-bottom:0;padding-top:var(--wp--preset--spacing--50);padding-bottom:var(--wp--preset--spacing--50)\"><\/div>\n\n\n\n<div class=\"wp-block-group alignfull has-global-padding is-layout-constrained wp-block-group-is-layout-constrained\" style=\"margin-top:0;margin-bottom:0;padding-top:var(--wp--preset--spacing--50);padding-bottom:var(--wp--preset--spacing--50)\">\n<figure class=\"wp-block-gallery has-nested-images columns-default is-cropped wp-block-gallery-1 is-layout-flex wp-block-gallery-is-layout-flex\">\n<figure class=\"wp-block-image size-large\"><img loading=\"lazy\" decoding=\"async\" width=\"768\" height=\"1024\" data-id=\"521\" src=\"https:\/\/kultursommer-mehringplatz.de\/wp-content\/uploads\/2026\/04\/Kaesekugel-1731-768x1024.jpg\" alt=\"\" class=\"wp-image-521\" srcset=\"https:\/\/kultursommer-mehringplatz.de\/wp-content\/uploads\/2026\/04\/Kaesekugel-1731-768x1024.jpg 768w, https:\/\/kultursommer-mehringplatz.de\/wp-content\/uploads\/2026\/04\/Kaesekugel-1731-225x300.jpg 225w, https:\/\/kultursommer-mehringplatz.de\/wp-content\/uploads\/2026\/04\/Kaesekugel-1731-1152x1536.jpg 1152w, https:\/\/kultursommer-mehringplatz.de\/wp-content\/uploads\/2026\/04\/Kaesekugel-1731-1536x2048.jpg 1536w, https:\/\/kultursommer-mehringplatz.de\/wp-content\/uploads\/2026\/04\/Kaesekugel-1731-scaled.jpg 1920w\" sizes=\"auto, (max-width: 768px) 100vw, 768px\" \/><\/figure>\n\n\n\n<figure class=\"wp-block-image size-large\"><img loading=\"lazy\" decoding=\"async\" width=\"1024\" height=\"768\" data-id=\"520\" src=\"https:\/\/kultursommer-mehringplatz.de\/wp-content\/uploads\/2026\/04\/KaeseKugel-1738-1024x768.jpg\" alt=\"\" class=\"wp-image-520\" srcset=\"https:\/\/kultursommer-mehringplatz.de\/wp-content\/uploads\/2026\/04\/KaeseKugel-1738-1024x768.jpg 1024w, https:\/\/kultursommer-mehringplatz.de\/wp-content\/uploads\/2026\/04\/KaeseKugel-1738-300x225.jpg 300w, https:\/\/kultursommer-mehringplatz.de\/wp-content\/uploads\/2026\/04\/KaeseKugel-1738-768x576.jpg 768w, https:\/\/kultursommer-mehringplatz.de\/wp-content\/uploads\/2026\/04\/KaeseKugel-1738-1536x1152.jpg 1536w, https:\/\/kultursommer-mehringplatz.de\/wp-content\/uploads\/2026\/04\/KaeseKugel-1738-2048x1536.jpg 2048w\" sizes=\"auto, (max-width: 1024px) 100vw, 1024px\" \/><\/figure>\n\n\n\n<figure class=\"wp-block-image size-large\"><img loading=\"lazy\" decoding=\"async\" width=\"768\" height=\"1024\" data-id=\"519\" src=\"https:\/\/kultursommer-mehringplatz.de\/wp-content\/uploads\/2026\/04\/Kaesekugel-1713-A-768x1024.jpg\" alt=\"\" class=\"wp-image-519\" srcset=\"https:\/\/kultursommer-mehringplatz.de\/wp-content\/uploads\/2026\/04\/Kaesekugel-1713-A-768x1024.jpg 768w, https:\/\/kultursommer-mehringplatz.de\/wp-content\/uploads\/2026\/04\/Kaesekugel-1713-A-225x300.jpg 225w, https:\/\/kultursommer-mehringplatz.de\/wp-content\/uploads\/2026\/04\/Kaesekugel-1713-A-1152x1536.jpg 1152w, https:\/\/kultursommer-mehringplatz.de\/wp-content\/uploads\/2026\/04\/Kaesekugel-1713-A-1536x2048.jpg 1536w, https:\/\/kultursommer-mehringplatz.de\/wp-content\/uploads\/2026\/04\/Kaesekugel-1713-A-scaled.jpg 1920w\" sizes=\"auto, (max-width: 768px) 100vw, 768px\" \/><\/figure>\n\n\n\n<figure class=\"wp-block-image size-large\"><img loading=\"lazy\" decoding=\"async\" width=\"699\" height=\"1024\" data-id=\"518\" src=\"https:\/\/kultursommer-mehringplatz.de\/wp-content\/uploads\/2026\/04\/Kaesekugel-699x1024.jpg\" alt=\"\" class=\"wp-image-518\" srcset=\"https:\/\/kultursommer-mehringplatz.de\/wp-content\/uploads\/2026\/04\/Kaesekugel-699x1024.jpg 699w, https:\/\/kultursommer-mehringplatz.de\/wp-content\/uploads\/2026\/04\/Kaesekugel-205x300.jpg 205w, https:\/\/kultursommer-mehringplatz.de\/wp-content\/uploads\/2026\/04\/Kaesekugel-768x1124.jpg 768w, https:\/\/kultursommer-mehringplatz.de\/wp-content\/uploads\/2026\/04\/Kaesekugel-1049x1536.jpg 1049w, https:\/\/kultursommer-mehringplatz.de\/wp-content\/uploads\/2026\/04\/Kaesekugel-1399x2048.jpg 1399w, https:\/\/kultursommer-mehringplatz.de\/wp-content\/uploads\/2026\/04\/Kaesekugel-scaled.jpg 1748w\" sizes=\"auto, (max-width: 699px) 100vw, 699px\" \/><\/figure>\n\n\n\n<figure class=\"wp-block-image size-large\"><img loading=\"lazy\" decoding=\"async\" width=\"279\" height=\"208\" data-id=\"517\" src=\"https:\/\/kultursommer-mehringplatz.de\/wp-content\/uploads\/2026\/04\/logo.png\" alt=\"\" class=\"wp-image-517\"\/><\/figure>\n<\/figure>\n<\/div>\n","protected":false},"excerpt":{"rendered":"<p>K\u00e4sekugel . P\u00e3o de queijo Tapiokamehl ist ein Mehl, das aus der Maniokwurzel gewonnen wird, einer tropischen Pflanze aus S\u00fcdamerika, Asien und Afrika Diese k\u00f6stliche Wurzel, ist sehr einfach zuzubereiten wie die Kartoffel. Da es von Natur aus glutenfrei ist, ist Tapiokamehl eine ideale Zutat f\u00fcr glutenfreie Backwaren wie unsere K\u00e4sekugel (\u201eP\u00e3o de Queijo\u201c).Durch seine [&hellip;]<\/p>\n","protected":false},"author":1,"featured_media":0,"parent":150,"menu_order":0,"comment_status":"closed","ping_status":"closed","template":"","meta":{"footnotes":""},"class_list":["post-471","page","type-page","status-publish","hentry"],"_links":{"self":[{"href":"https:\/\/kultursommer-mehringplatz.de\/index.php?rest_route=\/wp\/v2\/pages\/471","targetHints":{"allow":["GET"]}}],"collection":[{"href":"https:\/\/kultursommer-mehringplatz.de\/index.php?rest_route=\/wp\/v2\/pages"}],"about":[{"href":"https:\/\/kultursommer-mehringplatz.de\/index.php?rest_route=\/wp\/v2\/types\/page"}],"author":[{"embeddable":true,"href":"https:\/\/kultursommer-mehringplatz.de\/index.php?rest_route=\/wp\/v2\/users\/1"}],"replies":[{"embeddable":true,"href":"https:\/\/kultursommer-mehringplatz.de\/index.php?rest_route=%2Fwp%2Fv2%2Fcomments&post=471"}],"version-history":[{"count":4,"href":"https:\/\/kultursommer-mehringplatz.de\/index.php?rest_route=\/wp\/v2\/pages\/471\/revisions"}],"predecessor-version":[{"id":523,"href":"https:\/\/kultursommer-mehringplatz.de\/index.php?rest_route=\/wp\/v2\/pages\/471\/revisions\/523"}],"up":[{"embeddable":true,"href":"https:\/\/kultursommer-mehringplatz.de\/index.php?rest_route=\/wp\/v2\/pages\/150"}],"wp:attachment":[{"href":"https:\/\/kultursommer-mehringplatz.de\/index.php?rest_route=%2Fwp%2Fv2%2Fmedia&parent=471"}],"curies":[{"name":"wp","href":"https:\/\/api.w.org\/{rel}","templated":true}]}}