{"id":244,"date":"2026-03-27T18:07:27","date_gmt":"2026-03-27T17:07:27","guid":{"rendered":"https:\/\/kultursommer-mehringplatz.de\/?page_id=244"},"modified":"2026-04-10T10:53:30","modified_gmt":"2026-04-10T08:53:30","slug":"aktuelles","status":"publish","type":"page","link":"https:\/\/kultursommer-mehringplatz.de\/?page_id=244","title":{"rendered":"Aktuelles"},"content":{"rendered":"\n<div class=\"wp-block-group has-global-padding is-layout-constrained wp-block-group-is-layout-constrained\"><div class=\"wp-block-post-date\"><time datetime=\"2026-04-10T08:38:59.553Z\">10 April, 2026<\/time><\/div><\/div>\n\n\n\n<p>Unser Instagram ist jetzt live: <strong><a href=\"https:\/\/www.instagram.com\/kultursommer.mehringplatz\/\" data-type=\"link\" data-id=\"https:\/\/www.instagram.com\/kultursommer.mehringplatz\/\">@kultursommer.mehringplatz!<\/a><\/strong> Schaut vorbei, wenn ihr immer up to date \u00fcber unser Programm und unsere Aktionen bleiben wollt. Vielleicht erwarten euch in den kommenden Wochen auch ein paar kleine \u00dcberraschungen \ud83d\ude09<\/p>\n\n\n\n<hr class=\"wp-block-separator has-alpha-channel-opacity\"\/>\n\n\n\n<div class=\"wp-block-group has-global-padding is-layout-constrained wp-block-group-is-layout-constrained\">\n<div class=\"wp-block-group alignwide is-vertical is-layout-flex wp-container-core-group-is-layout-fe9cc265 wp-block-group-is-layout-flex\"><div class=\"wp-block-post-date__modified-date wp-block-post-date\"><time datetime=\"2026-03-27T18:07:27+01:00\">27 M\u00e4rz, 2026<\/time><\/div>\n\n\n<figure class=\"wp-block-image size-full is-resized\"><img loading=\"lazy\" decoding=\"async\" width=\"870\" height=\"598\" src=\"https:\/\/kultursommer-mehringplatz.de\/wp-content\/uploads\/2026\/04\/image-4.png\" alt=\"\" class=\"wp-image-702\" style=\"aspect-ratio:1.4548530344681752;width:233px;height:auto\" srcset=\"https:\/\/kultursommer-mehringplatz.de\/wp-content\/uploads\/2026\/04\/image-4.png 870w, https:\/\/kultursommer-mehringplatz.de\/wp-content\/uploads\/2026\/04\/image-4-300x206.png 300w, https:\/\/kultursommer-mehringplatz.de\/wp-content\/uploads\/2026\/04\/image-4-768x528.png 768w\" sizes=\"auto, (max-width: 870px) 100vw, 870px\" \/><\/figure>\n\n\n\n<p>Wir starten am <strong>30. April<\/strong> mit dem Kultursommer am Mehringplatz!<\/p>\n\n\n\n<p>Bereits ab <strong>10:00 Uhr<\/strong> l\u00e4dt unser Wochenmarkt zum Genie\u00dfen ein \u2013 mit kulinarischen K\u00f6stlichkeiten von <strong>K\u00e4se und Eiern bis hin zu Past\u00e9is de Nata<\/strong>. Der Markt begleitet euch durch den ganzen Tag.<\/p>\n\n\n\n<p>Am Nachmittag findet der <strong>Kiezfr\u00fchling<\/strong> statt, organisiert vom F1, mit vielen Angeboten f\u00fcr Familien und Kinder.<\/p>\n\n\n\n<p><strong>17:30 Uhr<\/strong> \u2013 Die <em>Triple Cheese Kinderband<\/em>: Drei Geschwister bringen bekannte Songs als Covers auf die B\u00fchne.<\/p>\n\n\n\n<p><strong>18:30 Uhr<\/strong> \u2013 Die <em>BigBand Youlity<\/em> sorgt mit klassischen Jazz-Hits und weiteren Big-Band-Kl\u00e4ngen f\u00fcr Stimmung \u2013 passend zum <strong>Internationalen Tag des Jazz<\/strong>. \ud83c\udfb7<\/p>\n<\/div>\n<\/div>\n\n\n\n<hr class=\"wp-block-separator has-alpha-channel-opacity\"\/>\n","protected":false},"excerpt":{"rendered":"<p>Unser Instagram ist jetzt live: @kultursommer.mehringplatz! Schaut vorbei, wenn ihr immer up to date \u00fcber unser Programm und unsere Aktionen bleiben wollt. Vielleicht erwarten euch in den kommenden Wochen auch ein paar kleine \u00dcberraschungen \ud83d\ude09 Wir starten am 30. April mit dem Kultursommer am Mehringplatz! Bereits ab 10:00 Uhr l\u00e4dt unser Wochenmarkt zum Genie\u00dfen ein [&hellip;]<\/p>\n","protected":false},"author":1,"featured_media":0,"parent":0,"menu_order":0,"comment_status":"closed","ping_status":"closed","template":"","meta":{"footnotes":""},"class_list":["post-244","page","type-page","status-publish","hentry"],"_links":{"self":[{"href":"https:\/\/kultursommer-mehringplatz.de\/index.php?rest_route=\/wp\/v2\/pages\/244","targetHints":{"allow":["GET"]}}],"collection":[{"href":"https:\/\/kultursommer-mehringplatz.de\/index.php?rest_route=\/wp\/v2\/pages"}],"about":[{"href":"https:\/\/kultursommer-mehringplatz.de\/index.php?rest_route=\/wp\/v2\/types\/page"}],"author":[{"embeddable":true,"href":"https:\/\/kultursommer-mehringplatz.de\/index.php?rest_route=\/wp\/v2\/users\/1"}],"replies":[{"embeddable":true,"href":"https:\/\/kultursommer-mehringplatz.de\/index.php?rest_route=%2Fwp%2Fv2%2Fcomments&post=244"}],"version-history":[{"count":10,"href":"https:\/\/kultursommer-mehringplatz.de\/index.php?rest_route=\/wp\/v2\/pages\/244\/revisions"}],"predecessor-version":[{"id":704,"href":"https:\/\/kultursommer-mehringplatz.de\/index.php?rest_route=\/wp\/v2\/pages\/244\/revisions\/704"}],"wp:attachment":[{"href":"https:\/\/kultursommer-mehringplatz.de\/index.php?rest_route=%2Fwp%2Fv2%2Fmedia&parent=244"}],"curies":[{"name":"wp","href":"https:\/\/api.w.org\/{rel}","templated":true}]}}