{"id":150,"date":"2026-03-26T13:28:06","date_gmt":"2026-03-26T12:28:06","guid":{"rendered":"https:\/\/kultursommer-mehringplatz.de\/?page_id=150"},"modified":"2026-04-10T09:57:03","modified_gmt":"2026-04-10T07:57:03","slug":"test","status":"publish","type":"page","link":"https:\/\/kultursommer-mehringplatz.de\/?page_id=150","title":{"rendered":"Marktst\u00e4nde"},"content":{"rendered":"\n<div class=\"wp-block-group has-global-padding is-layout-constrained wp-block-group-is-layout-constrained\">\n<h3 class=\"wp-block-heading is-style-default\">Der Kiez- und Wochenmarkt<\/h3>\n\n\n\n<p>findet auf dem Mehringplatz statt, von 10 Uhr bis 18 Uhr<\/p>\n\n\n\n<p class=\"is-style-default\">Hier pr\u00e4sentieren H\u00e4ndler*innen frische Marktwaren und lokale Initiativen und Vereine ihre Informationen und Produkte. Streetfood-Anbieter*innen sorgen f\u00fcr kulinarische Versorgung w\u00e4hrend des Kulturprogramms.<\/p>\n\n\n\n<p class=\"has-text-align-center\"><strong>MEHR <\/strong><strong>MATJESHER<\/strong><strong>ING<\/strong><\/p>\n\n\n\n<p class=\"has-text-align-center\"><strong>MEHR <\/strong><strong>GOLDRIESL<\/strong><strong>ING<\/strong><\/p>\n\n\n\n<p class=\"has-text-align-center\"><strong>MEHR <\/strong><strong>SOMMERFEEL<\/strong><strong>ING<\/strong><\/p>\n\n\n\n<p class=\"has-text-align-center\"><strong>AM<\/strong><strong> MEHRINGPLATZ<\/strong><\/p>\n<\/div>\n\n\n\n<div class=\"wp-block-group alignfull has-global-padding is-layout-constrained wp-container-core-group-is-layout-ebee8dc1 wp-block-group-is-layout-constrained\" style=\"margin-top:0;margin-bottom:0;padding-top:var(--wp--preset--spacing--50);padding-bottom:var(--wp--preset--spacing--50)\">\n<div class=\"wp-block-columns alignwide is-layout-flex wp-container-core-columns-is-layout-28f84493 wp-block-columns-is-layout-flex\">\n<div class=\"wp-block-column is-layout-flow wp-block-column-is-layout-flow\">\n<figure class=\"wp-block-image size-full has-custom-border\" style=\"margin-bottom:24px\"><img loading=\"lazy\" decoding=\"async\" width=\"1440\" height=\"1800\" src=\"https:\/\/kultursommer-mehringplatz.de\/wp-content\/uploads\/2026\/04\/467019255_17992043882720710_938467132828607110_n.jpg\" alt=\"\" class=\"wp-image-575\" style=\"border-top-left-radius:10px;border-top-right-radius:10px;border-bottom-left-radius:10px;border-bottom-right-radius:10px;box-shadow:12px 12px 50px rgba(0, 0, 0, 0.4);aspect-ratio:4\/3;object-fit:cover\" srcset=\"https:\/\/kultursommer-mehringplatz.de\/wp-content\/uploads\/2026\/04\/467019255_17992043882720710_938467132828607110_n.jpg 1440w, https:\/\/kultursommer-mehringplatz.de\/wp-content\/uploads\/2026\/04\/467019255_17992043882720710_938467132828607110_n-240x300.jpg 240w, https:\/\/kultursommer-mehringplatz.de\/wp-content\/uploads\/2026\/04\/467019255_17992043882720710_938467132828607110_n-819x1024.jpg 819w, https:\/\/kultursommer-mehringplatz.de\/wp-content\/uploads\/2026\/04\/467019255_17992043882720710_938467132828607110_n-768x960.jpg 768w, https:\/\/kultursommer-mehringplatz.de\/wp-content\/uploads\/2026\/04\/467019255_17992043882720710_938467132828607110_n-1229x1536.jpg 1229w\" sizes=\"auto, (max-width: 1440px) 100vw, 1440px\" \/><\/figure>\n\n\n\n<h3 class=\"wp-block-heading has-text-align-center\">Pizza Perolini<\/h3>\n\n\n\n<p>Von klassischer Margherita und Bufala bis zu Prosciutto oder Parma \u2013 alles frisch zubereitet im selbstgebauten Trailer mit original italienischem Steinofen. Ein echter Geheimtipp f\u00fcr alle Pizza-Liebhaber!<\/p>\n\n\n\n<figure class=\"wp-block-embed is-type-video is-provider-youtube wp-block-embed-youtube wp-embed-aspect-16-9 wp-has-aspect-ratio\"><div class=\"wp-block-embed__wrapper\">\n<iframe loading=\"lazy\" title=\"Street Food Pizza on the Road | Traditional Stone Oven Pizza | Italian Street Food in Berlin\" width=\"500\" height=\"281\" src=\"https:\/\/www.youtube.com\/embed\/vIfDoGdFoRg?feature=oembed\" frameborder=\"0\" allow=\"accelerometer; autoplay; clipboard-write; encrypted-media; gyroscope; picture-in-picture; web-share\" referrerpolicy=\"strict-origin-when-cross-origin\" allowfullscreen><\/iframe>\n<\/div><\/figure>\n<\/div>\n\n\n\n<div class=\"wp-block-column is-layout-flow wp-block-column-is-layout-flow\">\n<figure class=\"wp-block-image size-full has-custom-border\" style=\"margin-bottom:24px\"><a href=\"https:\/\/kultursommer-mehringplatz.de\/?page_id=480\"><img loading=\"lazy\" decoding=\"async\" width=\"960\" height=\"720\" src=\"https:\/\/kultursommer-mehringplatz.de\/wp-content\/uploads\/2026\/03\/image-30-03-26-01-28.jpeg\" alt=\"\" class=\"wp-image-355\" style=\"border-style:none;border-width:0px;border-top-left-radius:10px;border-top-right-radius:10px;border-bottom-left-radius:10px;border-bottom-right-radius:10px;box-shadow:12px 12px 50px rgba(0, 0, 0, 0.4);aspect-ratio:4\/3;object-fit:cover\" srcset=\"https:\/\/kultursommer-mehringplatz.de\/wp-content\/uploads\/2026\/03\/image-30-03-26-01-28.jpeg 960w, https:\/\/kultursommer-mehringplatz.de\/wp-content\/uploads\/2026\/03\/image-30-03-26-01-28-300x225.jpeg 300w, https:\/\/kultursommer-mehringplatz.de\/wp-content\/uploads\/2026\/03\/image-30-03-26-01-28-768x576.jpeg 768w\" sizes=\"auto, (max-width: 960px) 100vw, 960px\" \/><\/a><\/figure>\n\n\n\n<h3 class=\"wp-block-heading has-text-align-center\"><a href=\"https:\/\/kultursommer-mehringplatz.de\/?page_id=480\" data-type=\"page\" data-id=\"480\"><mark style=\"background-color:rgba(0, 0, 0, 0)\" class=\"has-inline-color has-contrast-color\">Fish &amp; Chips<\/mark><\/a><\/h3>\n\n\n\n<p class=\"has-medium-font-size\">Fish Van Holland steht f\u00fcr authentisches holl\u00e4ndisches Street Food und h\u00f6chste Qualit\u00e4t auf Events. Unser Fokus liegt auf Stra\u00dfen- und Stadtfesten, Wochenm\u00e4rkten sowie privaten und gesch\u00e4ftlichen Veranstaltungen.<\/p>\n\n\n\n<p><a href=\"https:\/\/fishvanholland.de\/\"><sup>Fish Van Holland &#8211; Authentic Dutch Street Food | Fish &amp; Chips, Kibbeling<\/sup><\/a><\/p>\n<\/div>\n\n\n\n<div class=\"wp-block-column is-layout-flow wp-block-column-is-layout-flow\">\n<figure class=\"wp-block-image size-full has-custom-border\" style=\"margin-bottom:24px\"><img loading=\"lazy\" decoding=\"async\" width=\"1096\" height=\"1304\" src=\"https:\/\/kultursommer-mehringplatz.de\/wp-content\/uploads\/2026\/03\/foto.avif\" alt=\"\" class=\"wp-image-189\" style=\"border-top-left-radius:10px;border-top-right-radius:10px;border-bottom-left-radius:10px;border-bottom-right-radius:10px;box-shadow:12px 12px 50px rgba(0, 0, 0, 0.4);aspect-ratio:4\/3;object-fit:cover\"\/><\/figure>\n\n\n\n<h3 class=\"wp-block-heading has-text-align-center\">Sp\u00e4tzlemacher<\/h3>\n\n\n\n<p class=\"has-medium-font-size\">Genuss auf R\u00e4dern: unser Foodtruck bietet ihnen einen Fullservice an frisch zubereiteten Sp\u00e4tzle-Kreationen \u00fcber mehrere Stunden.<\/p>\n\n\n\n<figure class=\"wp-block-embed is-type-video is-provider-youtube wp-block-embed-youtube wp-embed-aspect-16-9 wp-has-aspect-ratio\"><div class=\"wp-block-embed__wrapper\">\n<iframe loading=\"lazy\" title=\"\ud83d\udd25\ud83d\ude0bHomemade German Pasta #sp\u00e4tzle #pasta #pastalover #streetfoodberlin #streetfood #moodifoodiberlin\" width=\"500\" height=\"281\" src=\"https:\/\/www.youtube.com\/embed\/5l0d4HYz02Q?feature=oembed\" frameborder=\"0\" allow=\"accelerometer; autoplay; clipboard-write; encrypted-media; gyroscope; picture-in-picture; web-share\" referrerpolicy=\"strict-origin-when-cross-origin\" allowfullscreen><\/iframe>\n<\/div><\/figure>\n<\/div>\n<\/div>\n<\/div>\n\n\n\n<div class=\"wp-block-group alignfull has-global-padding is-layout-constrained wp-container-core-group-is-layout-ebee8dc1 wp-block-group-is-layout-constrained\" style=\"margin-top:0;margin-bottom:0;padding-top:var(--wp--preset--spacing--50);padding-bottom:var(--wp--preset--spacing--50)\">\n<div class=\"wp-block-columns alignwide is-layout-flex wp-container-core-columns-is-layout-28f84493 wp-block-columns-is-layout-flex\">\n<div class=\"wp-block-column is-layout-flow wp-block-column-is-layout-flow\">\n<figure class=\"wp-block-image size-full has-custom-border\" style=\"margin-bottom:24px\"><a href=\"https:\/\/kultursommer-mehringplatz.de\/?page_id=471\"><img loading=\"lazy\" decoding=\"async\" width=\"1748\" height=\"2560\" src=\"https:\/\/kultursommer-mehringplatz.de\/wp-content\/uploads\/2026\/03\/Kaesekugel-scaled.jpg\" alt=\"\" class=\"wp-image-468\" style=\"border-style:none;border-width:0px;border-top-left-radius:10px;border-top-right-radius:10px;border-bottom-left-radius:10px;border-bottom-right-radius:10px;box-shadow:12px 12px 50px rgba(0, 0, 0, 0.4);aspect-ratio:4\/3;object-fit:cover\" srcset=\"https:\/\/kultursommer-mehringplatz.de\/wp-content\/uploads\/2026\/03\/Kaesekugel-scaled.jpg 1748w, https:\/\/kultursommer-mehringplatz.de\/wp-content\/uploads\/2026\/03\/Kaesekugel-205x300.jpg 205w, https:\/\/kultursommer-mehringplatz.de\/wp-content\/uploads\/2026\/03\/Kaesekugel-699x1024.jpg 699w, https:\/\/kultursommer-mehringplatz.de\/wp-content\/uploads\/2026\/03\/Kaesekugel-768x1124.jpg 768w, https:\/\/kultursommer-mehringplatz.de\/wp-content\/uploads\/2026\/03\/Kaesekugel-1049x1536.jpg 1049w, https:\/\/kultursommer-mehringplatz.de\/wp-content\/uploads\/2026\/03\/Kaesekugel-1399x2048.jpg 1399w\" sizes=\"auto, (max-width: 1748px) 100vw, 1748px\" \/><\/a><\/figure>\n\n\n\n<h3 class=\"wp-block-heading has-text-align-center\"><a href=\"https:\/\/kultursommer-mehringplatz.de\/test\/fish-chips\/\" data-type=\"page\" data-id=\"480\"><\/a><a href=\"https:\/\/kultursommer-mehringplatz.de\/?page_id=471\" data-type=\"page\" data-id=\"471\">K\u00e4sekugel<\/a>n<\/h3>\n\n\n\n<p class=\"has-medium-font-size\">Die brasilianische Tradition in Ihrem Zuhause \ud83d\ude0a<br>Eingefroren kaufen selber backen &#8211; frisch genie\u00dfen.<br>Glutenfrei!<\/p>\n<\/div>\n\n\n\n<div class=\"wp-block-column is-layout-flow wp-block-column-is-layout-flow\">\n<figure class=\"wp-block-image size-full has-custom-border\" style=\"margin-bottom:24px\"><img loading=\"lazy\" decoding=\"async\" width=\"1200\" height=\"1600\" src=\"https:\/\/kultursommer-mehringplatz.de\/wp-content\/uploads\/2026\/03\/1000116288.jpg\" alt=\"\" class=\"wp-image-160\" style=\"border-top-left-radius:10px;border-top-right-radius:10px;border-bottom-left-radius:10px;border-bottom-right-radius:10px;box-shadow:12px 12px 50px rgba(0, 0, 0, 0.4);aspect-ratio:4\/3;object-fit:cover\" srcset=\"https:\/\/kultursommer-mehringplatz.de\/wp-content\/uploads\/2026\/03\/1000116288.jpg 1200w, https:\/\/kultursommer-mehringplatz.de\/wp-content\/uploads\/2026\/03\/1000116288-225x300.jpg 225w, https:\/\/kultursommer-mehringplatz.de\/wp-content\/uploads\/2026\/03\/1000116288-768x1024.jpg 768w, https:\/\/kultursommer-mehringplatz.de\/wp-content\/uploads\/2026\/03\/1000116288-1152x1536.jpg 1152w\" sizes=\"auto, (max-width: 1200px) 100vw, 1200px\" \/><\/figure>\n\n\n\n<h3 class=\"wp-block-heading has-text-align-center\">Taste of Tibet<\/h3>\n\n\n\n<p class=\"has-medium-font-size\">Taste of Tibet bringt die Seele der tibetischen K\u00fcche auf das Festival: frisch ged\u00e4mpfte Momos, zart im Teig, kr\u00e4ftig im Geschmack.<\/p>\n\n\n\n<p class=\"has-medium-font-size\">Ob mit Beef, vegetarisch oder vegan gef\u00fcllt \u2013 jeder Bissen verbindet Handwerk, W\u00e4rme und authentische W\u00fcrze.<br>Ein ehrliches Streetfood-Erlebnis, das man nicht \u00fcbersieht \u2013 und erst recht nicht vergisst.<\/p>\n\n\n\n<p>Jeden Donnerstag beim Mehringplatz-Markt<\/p>\n<\/div>\n\n\n\n<div class=\"wp-block-column is-layout-flow wp-block-column-is-layout-flow\">\n<figure class=\"wp-block-image size-full has-custom-border\" style=\"margin-bottom:24px\"><img loading=\"lazy\" decoding=\"async\" width=\"1200\" height=\"900\" src=\"https:\/\/kultursommer-mehringplatz.de\/wp-content\/uploads\/2026\/04\/BRS-2022-01-22-Obergfell-Backwaren-Atmo-Interaktion-Stand-gut-nf_low.jpg\" alt=\"\" class=\"wp-image-504\" style=\"border-top-left-radius:10px;border-top-right-radius:10px;border-bottom-left-radius:10px;border-bottom-right-radius:10px;box-shadow:12px 12px 50px rgba(0, 0, 0, 0.4);aspect-ratio:4\/3;object-fit:cover\" srcset=\"https:\/\/kultursommer-mehringplatz.de\/wp-content\/uploads\/2026\/04\/BRS-2022-01-22-Obergfell-Backwaren-Atmo-Interaktion-Stand-gut-nf_low.jpg 1200w, https:\/\/kultursommer-mehringplatz.de\/wp-content\/uploads\/2026\/04\/BRS-2022-01-22-Obergfell-Backwaren-Atmo-Interaktion-Stand-gut-nf_low-300x225.jpg 300w, https:\/\/kultursommer-mehringplatz.de\/wp-content\/uploads\/2026\/04\/BRS-2022-01-22-Obergfell-Backwaren-Atmo-Interaktion-Stand-gut-nf_low-1024x768.jpg 1024w, https:\/\/kultursommer-mehringplatz.de\/wp-content\/uploads\/2026\/04\/BRS-2022-01-22-Obergfell-Backwaren-Atmo-Interaktion-Stand-gut-nf_low-768x576.jpg 768w\" sizes=\"auto, (max-width: 1200px) 100vw, 1200px\" \/><\/figure>\n\n\n\n<h3 class=\"wp-block-heading has-text-align-center\">Caf\u00e9 Obergfell<\/h3>\n\n\n\n<p class=\"has-medium-font-size\">An unserem Stand bieten wir euch&nbsp;Konditor- und Backwaren, hergestellt nach \u00fcberlieferten Rezepten unserer Familie.&nbsp;<\/p>\n\n\n\n<p class=\"has-medium-font-size\">Mit Liebe gemacht!<\/p>\n\n\n\n<p class=\"has-medium-font-size\"><\/p>\n<\/div>\n<\/div>\n<\/div>\n\n\n\n<div class=\"wp-block-group alignfull has-global-padding is-layout-constrained wp-container-core-group-is-layout-ebee8dc1 wp-block-group-is-layout-constrained\" style=\"margin-top:0;margin-bottom:0;padding-top:var(--wp--preset--spacing--50);padding-bottom:var(--wp--preset--spacing--50)\">\n<div class=\"wp-block-columns alignwide is-layout-flex wp-container-core-columns-is-layout-28f84493 wp-block-columns-is-layout-flex\">\n<div class=\"wp-block-column is-layout-flow wp-block-column-is-layout-flow\">\n<figure class=\"wp-block-image aligncenter size-large is-resized\"><img loading=\"lazy\" decoding=\"async\" width=\"1024\" height=\"1024\" src=\"https:\/\/kultursommer-mehringplatz.de\/wp-content\/uploads\/2026\/04\/1000039572-1024x1024.jpg\" alt=\"\" class=\"wp-image-559\" style=\"width:301px;height:auto\" srcset=\"https:\/\/kultursommer-mehringplatz.de\/wp-content\/uploads\/2026\/04\/1000039572-1024x1024.jpg 1024w, https:\/\/kultursommer-mehringplatz.de\/wp-content\/uploads\/2026\/04\/1000039572-300x300.jpg 300w, https:\/\/kultursommer-mehringplatz.de\/wp-content\/uploads\/2026\/04\/1000039572-150x150.jpg 150w, https:\/\/kultursommer-mehringplatz.de\/wp-content\/uploads\/2026\/04\/1000039572-768x768.jpg 768w, https:\/\/kultursommer-mehringplatz.de\/wp-content\/uploads\/2026\/04\/1000039572.jpg 1440w\" sizes=\"auto, (max-width: 1024px) 100vw, 1024px\" \/><\/figure>\n\n\n\n<h3 class=\"wp-block-heading has-text-align-center\">Pasteis de Nata<\/h3>\n\n\n\n<p>Ein traditionelles Rezept, inspiriert von der Klostertradition des ber\u00fchmten Jer\u00f3nimos-Klosters in Bel\u00e9m \u2013 direkt an der Tejo-M\u00fcndung in Lissabon.<\/p>\n\n\n\n<p>Die <strong>Past\u00e9is de Nata<\/strong> und weitere K\u00f6stlichkeiten k\u00f6nnt ihr direkt auf dem Markt genie\u00dfen \u2013 oder ganz entspannt beim Picknick auf dem Mehringplatz. Und wenn noch etwas \u00fcbrig bleibt: perfekt als kleiner Midnight-Snack f\u00fcr zuhause.<\/p>\n<\/div>\n\n\n\n<div class=\"wp-block-column is-layout-flow wp-block-column-is-layout-flow\">\n<figure class=\"wp-block-image size-full has-custom-border\" style=\"margin-bottom:24px\"><img loading=\"lazy\" decoding=\"async\" width=\"1599\" height=\"1186\" src=\"https:\/\/kultursommer-mehringplatz.de\/wp-content\/uploads\/2026\/04\/fe8fe6fe-8534-46bf-8a1b-35a04dea7806.jpg\" alt=\"\" class=\"wp-image-551\" style=\"border-style:none;border-width:0px;border-top-left-radius:10px;border-top-right-radius:10px;border-bottom-left-radius:10px;border-bottom-right-radius:10px;box-shadow:12px 12px 50px rgba(0, 0, 0, 0.4);aspect-ratio:4\/3;object-fit:cover\" srcset=\"https:\/\/kultursommer-mehringplatz.de\/wp-content\/uploads\/2026\/04\/fe8fe6fe-8534-46bf-8a1b-35a04dea7806.jpg 1599w, https:\/\/kultursommer-mehringplatz.de\/wp-content\/uploads\/2026\/04\/fe8fe6fe-8534-46bf-8a1b-35a04dea7806-300x223.jpg 300w, https:\/\/kultursommer-mehringplatz.de\/wp-content\/uploads\/2026\/04\/fe8fe6fe-8534-46bf-8a1b-35a04dea7806-1024x760.jpg 1024w, https:\/\/kultursommer-mehringplatz.de\/wp-content\/uploads\/2026\/04\/fe8fe6fe-8534-46bf-8a1b-35a04dea7806-768x570.jpg 768w, https:\/\/kultursommer-mehringplatz.de\/wp-content\/uploads\/2026\/04\/fe8fe6fe-8534-46bf-8a1b-35a04dea7806-1536x1139.jpg 1536w\" sizes=\"auto, (max-width: 1599px) 100vw, 1599px\" \/><\/figure>\n\n\n\n<h3 class=\"wp-block-heading has-text-align-center\">Eier-Oeser<\/h3>\n\n\n\n<p class=\"has-medium-font-size\">Wir bieten auf den Wochenmarkt Internationale K\u00e4se-Spezialit\u00e4ten und frische Bio -Eier an!<\/p>\n\n\n\n<p class=\"has-medium-font-size\">Jeden Donnerstag beim Mehringplatz-Markt von 8:00-17:00Uhr<\/p>\n<\/div>\n\n\n\n<div class=\"wp-block-column is-layout-flow wp-block-column-is-layout-flow\"><\/div>\n<\/div>\n<\/div>\n\n\n\n<p><strong>Kontakt:<\/strong><\/p>\n\n\n\n<ul class=\"wp-block-list\">\n<li>Wolfgang \u00d6ser: +49 (0) 252 56 92 3093<\/li>\n\n\n\n<li>Karin L\u00fccker: +49 (0) 176 2198 3729<\/li>\n<\/ul>\n\n\n\n<p><strong>markt@kultursommer-mehringplatz.de<\/strong><\/p>\n","protected":false},"excerpt":{"rendered":"<p>Der Kiez- und Wochenmarkt findet auf dem Mehringplatz statt, von 10 Uhr bis 18 Uhr Hier pr\u00e4sentieren H\u00e4ndler*innen frische Marktwaren und lokale Initiativen und Vereine ihre Informationen und Produkte. Streetfood-Anbieter*innen sorgen f\u00fcr kulinarische Versorgung w\u00e4hrend des Kulturprogramms. MEHR MATJESHERING MEHR GOLDRIESLING MEHR SOMMERFEELING AM MEHRINGPLATZ Pizza Perolini Von klassischer Margherita und Bufala bis zu Prosciutto [&hellip;]<\/p>\n","protected":false},"author":1,"featured_media":0,"parent":0,"menu_order":0,"comment_status":"closed","ping_status":"closed","template":"","meta":{"footnotes":""},"class_list":["post-150","page","type-page","status-publish","hentry"],"_links":{"self":[{"href":"https:\/\/kultursommer-mehringplatz.de\/index.php?rest_route=\/wp\/v2\/pages\/150","targetHints":{"allow":["GET"]}}],"collection":[{"href":"https:\/\/kultursommer-mehringplatz.de\/index.php?rest_route=\/wp\/v2\/pages"}],"about":[{"href":"https:\/\/kultursommer-mehringplatz.de\/index.php?rest_route=\/wp\/v2\/types\/page"}],"author":[{"embeddable":true,"href":"https:\/\/kultursommer-mehringplatz.de\/index.php?rest_route=\/wp\/v2\/users\/1"}],"replies":[{"embeddable":true,"href":"https:\/\/kultursommer-mehringplatz.de\/index.php?rest_route=%2Fwp%2Fv2%2Fcomments&post=150"}],"version-history":[{"count":10,"href":"https:\/\/kultursommer-mehringplatz.de\/index.php?rest_route=\/wp\/v2\/pages\/150\/revisions"}],"predecessor-version":[{"id":697,"href":"https:\/\/kultursommer-mehringplatz.de\/index.php?rest_route=\/wp\/v2\/pages\/150\/revisions\/697"}],"wp:attachment":[{"href":"https:\/\/kultursommer-mehringplatz.de\/index.php?rest_route=%2Fwp%2Fv2%2Fmedia&parent=150"}],"curies":[{"name":"wp","href":"https:\/\/api.w.org\/{rel}","templated":true}]}}